{"id":1571,"date":"2024-10-21T09:39:00","date_gmt":"2024-10-21T14:39:00","guid":{"rendered":"https:\/\/medsimulador.com\/enurm\/?page_id=1571"},"modified":"2025-04-05T03:13:27","modified_gmt":"2025-04-05T08:13:27","slug":"que-es-el-enurm","status":"publish","type":"page","link":"https:\/\/medsimulador.com\/enurm\/que-es-el-enurm\/","title":{"rendered":"\u00bfQue es el ENURM?"},"content":{"rendered":"\n<div class=\"wp-block-cover alignfull wp-duotone-unset-1\" style=\"min-height:351px;aspect-ratio:unset;\"><span aria-hidden=\"true\" class=\"wp-block-cover__background has-background-dim-70 has-background-dim wp-block-cover__gradient-background has-background-gradient\" style=\"background:linear-gradient(90deg,rgb(0,0,0) 0%,rgba(150,149,240,0) 100%)\"><\/span><img decoding=\"async\" class=\"wp-block-cover__image-background wp-image-302\" alt=\"\" src=\"https:\/\/ecuadorpreguntas.com\/wp-content\/uploads\/2024\/07\/medicos-con-estudiantes.webp\" style=\"object-position:51% 45%\" data-object-fit=\"cover\" data-object-position=\"51% 45%\"\/><div class=\"wp-block-cover__inner-container is-layout-flow wp-block-cover-is-layout-flow\">\n<div class=\"wp-block-group alignwide is-layout-constrained wp-container-core-group-is-layout-111b2e00 wp-block-group-is-layout-constrained\"><h1 class=\"has-text-align-center alignwide wp-block-post-title has-text-color has-white-color has-big-font-size\">\u00bfQue es el ENURM?<\/h1><\/div>\n<\/div><\/div>\n\n\n\n<h2 class=\"wp-block-heading\"><strong>\u00bfQu\u00e9 es el ENURM?<\/strong><\/h2>\n\n\n\n<p>El Examen Nacional \u00danico de Residencias M\u00e9dicas (ENURM) es una prueba fundamental para los m\u00e9dicos que buscan especializarse en la Rep\u00fablica Dominicana. Este examen selecciona a los candidatos para las residencias m\u00e9dicas donde los m\u00e9dicos realizan su especializaci\u00f3n m\u00e9dica. Cada a\u00f1o, miles de m\u00e9dicos aspiran a ingresar en estas residencias, lo que hace del ENURM un paso obligatorio en su carrera profesional.<\/p>\n\n\n\n<h2 class=\"wp-block-heading\"><strong>\u00bfQui\u00e9n debe rendir el ENURM?<\/strong><\/h2>\n\n\n\n<p>El ENURM est\u00e1 dirigido a m\u00e9dicos que han completado sus estudios de medicina general, tanto en la Rep\u00fablica Dominicana como en el extranjero, y que desean realizar una especializaci\u00f3n en el pa\u00eds. Es un examen obligatorio para todos aquellos que aspiren a ingresar en un programa de residencia m\u00e9dica en hospitales p\u00fablicos o privados reconocidos por el Ministerio de Salud P\u00fablica.<\/p>\n\n\n\n<p>Este examen no solo mide el conocimiento m\u00e9dico, sino tambi\u00e9n la capacidad de razonamiento cl\u00ednico y toma de decisiones, asegurando que solo los m\u00e1s preparados puedan acceder a las plazas limitadas disponibles cada a\u00f1o.<\/p>\n\n\n\n<p>\u00bfTe est\u00e1s preparando para el ENURM? La forma m\u00e1s efectiva de estudiar es con MedSimulador, que te ofrece m\u00e1s de 2500 preguntas con explicaciones detalladas de las preguntas tomadas del propio examen ENURM. \u00a1Haz una demostraci\u00f3n gratuita haciendo clic en el siguiente bot\u00f3n!\u00bb<\/p>\n\n\n\n<div class=\"wp-block-buttons is-content-justification-center is-layout-flex wp-container-core-buttons-is-layout-a89b3969 wp-block-buttons-is-layout-flex\">\n<div class=\"wp-block-button\"><a class=\"wp-block-button__link wp-element-button\" href=\"https:\/\/medsimulador.com\/enurm-simulador\/mod\/caces\/view.php?id=6\">Demostraci\u00f3n Gratis<\/a><\/div>\n<\/div>\n\n\n\n<h2 class=\"wp-block-heading\"><strong>\u00bfPor qu\u00e9 el examen es dif\u00edcil?<\/strong><\/h2>\n\n\n\n<p>El ENURM es un examen exigente debido a su amplio contenido y la rigurosidad con la que eval\u00faa a los m\u00e9dicos. No solo mide el conocimiento te\u00f3rico en medicina general, sino tambi\u00e9n las habilidades de razonamiento cl\u00ednico y la capacidad de tomar decisiones correctas. La dificultad aumenta porque los aspirantes deben obtener un puntaje muy alto para asegurar una plaza en la especialidad de su preferencia. Esto es necesario porque la competencia es muy alta, y las plazas son limitadas, lo que significa que los mejores puntajes son los que tienen m\u00e1s opciones de elegir su residencia ideal.<\/p>\n\n\n\n<h2 class=\"wp-block-heading\"><strong>\u00bfPor qu\u00e9 se debe obtener un puntaje muy alto?<\/strong><\/h2>\n\n\n\n<p>El puntaje que obtienes en el ENURM no solo determina si apruebas, sino que tambi\u00e9n define la especialidad y el hospital en el que podr\u00edas realizar tu residencia. Las especialidades m\u00e1s populares y los mejores centros hospitalarios tienen una demanda muy alta, y solo los m\u00e9dicos con los puntajes m\u00e1s elevados tienen la posibilidad de acceder a estas oportunidades. Por ejemplo, especialidades como neurocirug\u00eda y urolog\u00eda tienen una cantidad muy limitada de plazas, lo que significa que solo los mejores clasificados logran ingresar.<\/p>\n\n\n\n<h2 class=\"wp-block-heading\"><strong>Porcentaje de personas que obtienen una plaza en el ENURM (2024)<\/strong><\/h2>\n\n\n\n<p>Seg\u00fan los resultados del ENURM 2024, aproximadamente el 30% de los m\u00e9dicos que rinden el examen logran obtener una plaza para una especialidad. Esto refleja la intensa competencia y la alta demanda por las residencias m\u00e9dicas, lo que obliga a los candidatos a prepararse rigurosamente para asegurar un puntaje competitivo.<\/p>\n\n\n\n<h2 class=\"wp-block-heading\"><strong>Especialidades m\u00e1s dif\u00edciles de entrar<\/strong><\/h2>\n\n\n\n<p>Las especialidades m\u00e1s dif\u00edciles de acceder en el ENURM 2024, debido a su alta demanda y el limitado n\u00famero de plazas, incluyen:<\/p>\n\n\n\n<ul class=\"wp-block-list\">\n<li><strong>Neurocirug\u00eda<\/strong><\/li>\n\n\n\n<li><strong>Urolog\u00eda<\/strong><\/li>\n\n\n\n<li><strong>Otorrinolaringolog\u00eda <\/strong><\/li>\n\n\n\n<li><strong>Ortopedia y Traumatolog\u00eda<\/strong><\/li>\n\n\n\n<li><strong>Dermatolog\u00eda<\/strong><\/li>\n\n\n\n<li><strong>Oftalmolog\u00eda<\/strong><\/li>\n\n\n\n<li><strong>Cirug\u00eda General<\/strong><\/li>\n<\/ul>\n\n\n\n<p>Estas especialidades suelen recibir el mayor n\u00famero de solicitudes, pero solo un peque\u00f1o grupo de los mejores puntajes logra ingresar debido a la fuerte competencia.<\/p>\n\n\n\n<h2 class=\"wp-block-heading\"><strong>Especialidades m\u00e1s f\u00e1ciles de entrar<\/strong><\/h2>\n\n\n\n<p>Por otro lado, algunas especialidades tienen menos demanda o m\u00e1s plazas disponibles, lo que las hace relativamente m\u00e1s accesibles. Entre las especialidades m\u00e1s f\u00e1ciles de entrar en el 2024 se encuentran:<\/p>\n\n\n\n<ul class=\"wp-block-list\">\n<li><strong>Medicina Familiar<\/strong><\/li>\n\n\n\n<li><strong>Medicina Interna<\/strong><\/li>\n\n\n\n<li><strong>Geriatria<\/strong><\/li>\n<\/ul>\n\n\n\n<p>Aunque el ENURM sigue siendo desafiante para todas las especialidades, las probabilidades de obtener una plaza en estas \u00e1reas suelen ser mayores debido a la menor competencia en comparaci\u00f3n con las especialidades m\u00e1s populares.<\/p>\n\n\n\n<p>En resumen, el ENURM es un examen altamente competitivo y esencial para avanzar en la carrera m\u00e9dica en la Rep\u00fablica Dominicana. Lograr un puntaje alto es clave para acceder a las especialidades m\u00e1s codiciadas, y solo un porcentaje reducido de aspirantes alcanza ese objetivo. Si est\u00e1s pensando en rendir el ENURM, prep\u00e1rate de manera exhaustiva y enf\u00f3cate en obtener los mejores resultados posibles.<\/p>\n\n\n\n<p>Para estudiar ahora para el ENURM haz la demostraci\u00f3n gratis de MedSimulador, la mejor herramienta para estudiar para el ENURM:<\/p>\n\n\n\n<div class=\"wp-block-buttons is-content-justification-center is-layout-flex wp-container-core-buttons-is-layout-a89b3969 wp-block-buttons-is-layout-flex\">\n<div class=\"wp-block-button\"><a class=\"wp-block-button__link wp-element-button\" href=\"https:\/\/medsimulador.com\/enurm-simulador\/mod\/caces\/view.php?id=6\">Demostraci\u00f3n Gratis<\/a><\/div>\n<\/div>\n\n\n\n<p>El ENURM no solo es un requisito indispensable para avanzar en la carrera m\u00e9dica, sino que tambi\u00e9n marca el comienzo de un camino de especializaci\u00f3n que definir\u00e1 la trayectoria profesional de cada m\u00e9dico. Obtener unas enurm notas elevadas es esencial para acceder a las especialidades de mayor demanda y prestigio, donde la competencia es feroz y solo los mejores logran ingresar. Este desaf\u00edo impulsa a los aspirantes a buscar continuamente estrategias innovadoras y a optimizar su preparaci\u00f3n.<\/p>\n\n\n\n<p><a href=\"https:\/\/medsimulador.com\/enurm\/\" data-type=\"link\" data-id=\"https:\/\/medsimulador.com\/enurm\/\"><strong>Una de las estrategias m\u00e1s efectivas para enfrentar el examen es el uso del simulador de examen ENURM<\/strong><\/a>. Esta herramienta permite a los candidatos familiarizarse con el formato y la din\u00e1mica de la prueba, al tiempo que ofrece explicaciones detalladas de cada pregunta. Practicar con el simulador no solo ayuda a mejorar la velocidad y precisi\u00f3n en las respuestas, sino que tambi\u00e9n contribuye a identificar y fortalecer \u00e1reas de conocimiento menos dominadas. Con el apoyo del simulador, los aspirantes pueden alcanzar mejores enurm notas y aumentar sus posibilidades de asegurar una plaza en la especialidad deseada.<\/p>\n\n\n\n<p>El papel de la UASD ENURM es crucial en este proceso. La Universidad Aut\u00f3noma de Santo Domingo, con su larga trayectoria y compromiso con la excelencia educativa, se encarga de dise\u00f1ar y supervisar el examen, garantizando transparencia y rigor en cada convocatoria. Este esfuerzo institucional refuerza la credibilidad del proceso y asegura que solo los candidatos mejor preparados tengan acceso a las residencias m\u00e9dicas, elevando as\u00ed el nivel general de la pr\u00e1ctica m\u00e9dica en la Rep\u00fablica Dominicana.<\/p>\n\n\n\n<p>Adem\u00e1s, la preparaci\u00f3n para el ENURM requiere un enfoque integral que combine el estudio te\u00f3rico, la pr\u00e1ctica constante y el manejo adecuado del estr\u00e9s. Es fundamental dise\u00f1ar un plan de estudio estructurado que contemple repasos peri\u00f3dicos y la utilizaci\u00f3n de recursos actualizados. La dedicaci\u00f3n y el esfuerzo diario se traducen en una mayor seguridad y capacidad para resolver casos cl\u00ednicos complejos, lo que es vital para destacar en un examen tan exigente.<\/p>\n\n\n\n<p><a href=\"https:\/\/medsimulador.com\/enurm-simulador\/mod\/caces\/view.php?id=6\" data-type=\"link\" data-id=\"https:\/\/medsimulador.com\/enurm-simulador\/mod\/caces\/view.php?id=6\"><strong>Para estudiar ahora para el ENURM, haz la demostraci\u00f3n gratis de MedSimulador, la mejor herramienta para prepararte y alcanzar tus objetivos<\/strong><\/a>.<\/p>\n","protected":false},"excerpt":{"rendered":"<p>\u00bfQu\u00e9 es el ENURM? El Examen Nacional \u00danico de Residencias M\u00e9dicas (ENURM) es una prueba [&hellip;]<\/p>\n","protected":false},"author":1,"featured_media":0,"parent":0,"menu_order":0,"comment_status":"closed","ping_status":"closed","template":"","meta":{"productId":0,"courseId":0,"footnotes":""},"class_list":["post-1571","page","type-page","status-publish","hentry"],"_links":{"self":[{"href":"https:\/\/medsimulador.com\/enurm\/wp-json\/wp\/v2\/pages\/1571","targetHints":{"allow":["GET"]}}],"collection":[{"href":"https:\/\/medsimulador.com\/enurm\/wp-json\/wp\/v2\/pages"}],"about":[{"href":"https:\/\/medsimulador.com\/enurm\/wp-json\/wp\/v2\/types\/page"}],"author":[{"embeddable":true,"href":"https:\/\/medsimulador.com\/enurm\/wp-json\/wp\/v2\/users\/1"}],"replies":[{"embeddable":true,"href":"https:\/\/medsimulador.com\/enurm\/wp-json\/wp\/v2\/comments?post=1571"}],"version-history":[{"count":5,"href":"https:\/\/medsimulador.com\/enurm\/wp-json\/wp\/v2\/pages\/1571\/revisions"}],"predecessor-version":[{"id":2908,"href":"https:\/\/medsimulador.com\/enurm\/wp-json\/wp\/v2\/pages\/1571\/revisions\/2908"}],"wp:attachment":[{"href":"https:\/\/medsimulador.com\/enurm\/wp-json\/wp\/v2\/media?parent=1571"}],"curies":[{"name":"wp","href":"https:\/\/api.w.org\/{rel}","templated":true}]}}