{"id":1784,"date":"2024-11-17T21:37:07","date_gmt":"2024-11-18T02:37:07","guid":{"rendered":"https:\/\/medsimulador.com\/enurm\/?page_id=1784"},"modified":"2025-04-05T01:49:14","modified_gmt":"2025-04-05T06:49:14","slug":"todo-sobre-el-enurm-2025","status":"publish","type":"page","link":"https:\/\/medsimulador.com\/enurm\/todo-sobre-el-enurm-2025\/","title":{"rendered":"Todo sobre el ENURM 2025"},"content":{"rendered":"\n<div class=\"wp-block-cover alignfull wp-duotone-unset-1\" style=\"min-height:351px;aspect-ratio:unset;\"><span aria-hidden=\"true\" class=\"wp-block-cover__background has-background-dim-70 has-background-dim wp-block-cover__gradient-background has-background-gradient\" style=\"background:linear-gradient(90deg,rgb(0,0,0) 0%,rgba(150,149,240,0) 100%)\"><\/span><img loading=\"lazy\" decoding=\"async\" width=\"800\" height=\"327\" class=\"wp-block-cover__image-background wp-image-1785\" alt=\"Medico que rinde el examen ENURM 2025\" src=\"https:\/\/medsimulador.com\/enurm\/wp-content\/uploads\/2024\/11\/enurm-2025.webp\" style=\"object-position:67% 0%\" data-object-fit=\"cover\" data-object-position=\"67% 0%\" srcset=\"https:\/\/medsimulador.com\/enurm\/wp-content\/uploads\/2024\/11\/enurm-2025.webp 800w, https:\/\/medsimulador.com\/enurm\/wp-content\/uploads\/2024\/11\/enurm-2025-300x123.webp 300w, https:\/\/medsimulador.com\/enurm\/wp-content\/uploads\/2024\/11\/enurm-2025-768x314.webp 768w, https:\/\/medsimulador.com\/enurm\/wp-content\/uploads\/2024\/11\/enurm-2025-600x245.webp 600w\" sizes=\"auto, (max-width: 800px) 100vw, 800px\" \/><div class=\"wp-block-cover__inner-container is-layout-flow wp-block-cover-is-layout-flow\">\n<div class=\"wp-block-group alignwide is-layout-constrained wp-container-core-group-is-layout-111b2e00 wp-block-group-is-layout-constrained\"><h1 class=\"has-text-align-center alignwide wp-block-post-title has-text-color has-white-color has-big-font-size\">Todo sobre el ENURM 2025<\/h1><\/div>\n<\/div><\/div>\n\n\n\n<h2 class=\"wp-block-heading\"><strong>\u00bfQue es el ENURM 2025?<\/strong><\/h2>\n\n\n\n<p>En el a\u00f1o 2025 se tomar\u00e1 de nuevo el <a href=\"https:\/\/medsimulador.com\/enurm\/que-es-el-enurm\/\" data-type=\"page\" data-id=\"1571\"><strong>Examen Nacional \u00danico de Residencias M\u00e9dicas (ENURM)<\/strong>. <\/a>Este examen es muy importante para todos los m\u00e9dicos de la Rep\u00fablica Dominicana que desean iniciar un programa de especializaci\u00f3n. Aprobar el examen es uno de los requisitos para poder aplicar a uno de los programas de especializaci\u00f3n. Lo m\u00e1s importante es que no solo se debe aprobar el examen, sino obtener un alto puntaje, ya que el puntaje que obtiene el m\u00e9dico en el ENURM es tomado en cuenta para obtener la plaza deseada.<\/p>\n\n\n\n<h2 class=\"wp-block-heading\"><strong>\u00bfPor qu\u00e9 es importante obtener un alto puntaje en el ENURM 2025?<\/strong><\/h2>\n\n\n\n<p>Dependiendo de la especialidad que el m\u00e9dico desee, debe obtener un puntaje muy alto en el ENURM para poder asegurar una plaza. En la Rep\u00fablica Dominicana existen especialidades m\u00e1s competitivas y menos competitivas, dependiendo de la cantidad de personas que aplican para estas especialidades y del puntaje m\u00ednimo necesario para obtener una plaza. Actualmente, las especialidades m\u00e1s competitivas son las especialidades quir\u00fargicas como cirug\u00eda general, neurocirug\u00eda y urolog\u00eda, pero tambi\u00e9n otras especialidades como Dermatolog\u00eda. Entre las especialidades menos competitivas se encuentran Medicina Familiar y Geriatr\u00eda, entre otras.<\/p>\n\n\n\n<p>Para obtener un buen puntaje en el ENURM debes estudiar con el <a href=\"https:\/\/medsimulador.com\/enurm\/\">Simulador con explicaciones de cada pregunta de MedSimulador.com<\/a>. El Simulador tiene m\u00e1s de 2400 preguntas con explicaciones y un gran n\u00famero de ajustes como repetir las preguntas en que te equivocaste o marcar preguntas que quieres estudiar m\u00e1s profundamente. Puedes hacer la prueba gratis ahora haciendo clic en el siguiente bot\u00f3n:<\/p>\n\n\n\n<div class=\"wp-block-buttons is-content-justification-center is-layout-flex wp-container-core-buttons-is-layout-a89b3969 wp-block-buttons-is-layout-flex\">\n<div class=\"wp-block-button\"><a class=\"wp-block-button__link wp-element-button\" href=\"https:\/\/medsimulador.com\/enurm-simulador\/mod\/caces\/view.php?id=6\">Demostraci\u00f3n Gratis<\/a><\/div>\n<\/div>\n\n\n\n<h2 class=\"wp-block-heading\"><strong>\u00bfCu\u00e1l es la probabilidad de que pueda obtener una plaza para la especializaci\u00f3n?<\/strong><\/h2>\n\n\n\n<p>La probabilidad de que puedas obtener una plaza de especializaci\u00f3n para tu especialidad deseada depende de muchos factores, no solo de la puntuaci\u00f3n del examen ENURM. La puntuaci\u00f3n del examen es solo una parte de la evaluaci\u00f3n para la especializaci\u00f3n, pero es una parte muy importante. <a href=\"https:\/\/medsimulador.com\/enurm\/resultados-enurm-2024\/\" data-type=\"page\" data-id=\"1590\">Aproximadamente el 25% de las personas que rinden el examen ENURM obtienen una plaza para la especializaci\u00f3n<\/a>. Cabe destacar que existen plazas en especialidades que a menudo no se llenan debido a una cantidad insuficiente de aplicantes. Esto ocurre principalmente en Medicina Familiar.<\/p>\n\n\n\n<h2 class=\"wp-block-heading\"><strong>\u00bfCu\u00e1ndo es el ENURM 2025?<\/strong><\/h2>\n\n\n\n<p>Es importante conocer la fecha exacta del examen para poder prepararse con tiempo suficiente. El ENURM de la Rep\u00fablica Dominicana se realiza siempre el primer domingo de marzo de cada a\u00f1o. Esto significa que la fecha del ENURM 2025 es el <strong>2 de marzo de 2025<\/strong>. El examen es creado por <a href=\"https:\/\/www.fcsuasd.net\/examen.php\" target=\"_blank\" rel=\"noreferrer noopener\">la Universidad Aut\u00f3noma de Santo Domingo<\/a>, siendo esta la autoridad encargada de la administracion del ENURM.<\/p>\n\n\n\n<h2 class=\"wp-block-heading\"><strong>\u00bfCu\u00e1les son los temas del ENURM 2025?<\/strong><\/h2>\n\n\n\n<p>En el examen se incluyen diferentes materias de todo el estudio de medicina. Seg\u00fan el an\u00e1lisis de MedSimulador.com, pudimos establecer que los temas m\u00e1s frecuentes en el examen son:<\/p>\n\n\n\n<ol start=\"1\" class=\"wp-block-list\">\n<li><strong>Medicina Interna<\/strong><\/li>\n\n\n\n<li><strong>Ginecolog\u00eda<\/strong><\/li>\n\n\n\n<li><strong>Pediatr\u00eda<\/strong><\/li>\n\n\n\n<li><strong>Enfermedades Infecciosas<\/strong><\/li>\n\n\n\n<li><strong>Digestivo y Cirug\u00eda<\/strong><\/li>\n\n\n\n<li><strong>Cardiolog\u00eda<\/strong><\/li>\n\n\n\n<li><strong>Fisiolog\u00eda<\/strong><\/li>\n<\/ol>\n\n\n\n<p>La mayor\u00eda de las preguntas son de Medicina Interna y sus especialidades. Tambi\u00e9n una gran cantidad de preguntas son sobre Ginecolog\u00eda, Pediatr\u00eda y Enfermedades Infecciosas. Es importante enfocarse en los temas m\u00e1s comunes, ya que es m\u00e1s probable que en el d\u00eda del examen se incluyan preguntas de estos temas.<\/p>\n\n\n\n<p>Seg\u00fan el an\u00e1lisis de MedSimulador.com, los siguientes temas son los menos frecuentes en el ENURM:<\/p>\n\n\n\n<ol start=\"1\" class=\"wp-block-list\">\n<li><strong>Urolog\u00eda<\/strong><\/li>\n\n\n\n<li><strong>Gen\u00e9tica<\/strong><\/li>\n\n\n\n<li><strong>Dermatolog\u00eda<\/strong><\/li>\n\n\n\n<li><strong>Otorrinolaringolog\u00eda<\/strong><\/li>\n<\/ol>\n\n\n\n<p>Aunque estos temas son poco frecuentes, es importante que el m\u00e9dico que se prepara para el examen tambi\u00e9n los estudie, pero enfoc\u00e1ndose principalmente en las patolog\u00edas m\u00e1s comunes.<\/p>\n\n\n\n<h2 class=\"wp-block-heading\"><strong>\u00bfCu\u00e1ntas preguntas tiene el examen ENURM 2025?<\/strong><\/h2>\n\n\n\n<p>El examen est\u00e1 compuesto por <strong>100 preguntas<\/strong> de diferentes materias. Por cada pregunta respondida correctamente, el m\u00e9dico recibe 1 punto. No se restan puntos por preguntas respondidas incorrectamente ni por preguntas no respondidas.<\/p>\n\n\n\n<h2 class=\"wp-block-heading\"><strong>\u00bfCu\u00e1nto tiempo tengo para rendir el ENURM 2025?<\/strong><\/h2>\n\n\n\n<p>Para el examen, el m\u00e9dico dispone de <strong>2 horas<\/strong>. Esto significa que por cada pregunta solo tiene <strong>1 minuto y 12 segundos<\/strong>. Muchas preguntas en el examen son cortas y se pueden responder de manera r\u00e1pida, pero tambi\u00e9n hay casos cl\u00ednicos que requieren m\u00e1s tiempo para leer, analizar y escoger la respuesta correcta. Por esta raz\u00f3n, es importante una buena gesti\u00f3n del tiempo durante el examen para poder analizar y responder adecuadamente todas las preguntas.<\/p>\n\n\n\n<h2 class=\"wp-block-heading\"><strong>\u00bfC\u00f3mo puedo prevenir la ansiedad durante el ENURM?<\/strong><\/h2>\n\n\n\n<p>Una parte muy importante el d\u00eda del examen es estar preparado mentalmente para rendirlo. Muchos m\u00e9dicos fallan en el examen porque sufren ansiedad y no pueden concentrarse de manera adecuada. Esta es una de las principales razones por las cuales responden incorrectamente preguntas sobre temas que han estudiado. La mejor manera de reducir la ansiedad es estudiar con el <strong>Simulador MedSimulador.com<\/strong>, que ofrece explicaciones de cada pregunta. Puedes utilizar el Simulador MedSimulador.com para hacer simulacros del examen y estar preparado el d\u00eda del mismo.<\/p>\n\n\n\n<h2 class=\"wp-block-heading\"><strong>\u00bfC\u00f3mo debo estudiar para el ENURM?<\/strong><\/h2>\n\n\n\n<p>Existen m\u00faltiples m\u00e9todos de estudio para el examen ENURM, pero se ha establecido que el mejor m\u00e9todo es el <strong>aprendizaje activo<\/strong> con el simulador que ofrece explicaciones de cada pregunta de MedSimulador.com. Nuestro simulador ofrece m\u00e1s de <strong>2400 preguntas<\/strong> tomadas del ENURM, con explicaciones detalladas de cada una. Adem\u00e1s, cuenta con una gran cantidad de ajustes, como repetir las preguntas en las que te equivocaste, estudiar todas las materias o solo una, marcar preguntas que deseas estudiar m\u00e1s tarde y numerosos an\u00e1lisis que te permiten mejorar tus siguientes sesiones de estudio. Haz clic en el bot\u00f3n para iniciar la prueba gratis del Simulador con explicaciones de MedSimulador.com:<\/p>\n\n\n\n<div class=\"wp-block-buttons is-content-justification-center is-layout-flex wp-container-core-buttons-is-layout-a89b3969 wp-block-buttons-is-layout-flex\">\n<div class=\"wp-block-button\"><a class=\"wp-block-button__link wp-element-button\" href=\"https:\/\/medsimulador.com\/enurm-simulador\/mod\/caces\/view.php?id=6\">Demostraci\u00f3n Gratis<\/a><\/div>\n<\/div>\n\n\n\n<hr class=\"wp-block-separator has-alpha-channel-opacity\"\/>\n\n\n\n<p>En conclusi\u00f3n, el<strong> ENURM 2025<\/strong> es una oportunidad decisiva para los m\u00e9dicos dominicanos que aspiran a una especializaci\u00f3n, ya que exige no solo aprobar el examen, sino alcanzar una alta puntuaci\u00f3n para competir en las especialidades m\u00e1s demandadas. La prueba, que abarca diversas \u00e1reas del conocimiento m\u00e9dico con \u00e9nfasis en Medicina Interna, Pediatr\u00eda y Ginecolog\u00eda, requiere una preparaci\u00f3n meticulosa y un manejo adecuado del tiempo, aspectos en los que herramientas como el <a href=\"https:\/\/medsimulador.com\/enurm\/\" data-type=\"link\" data-id=\"https:\/\/medsimulador.com\/enurm\/\">simulador MedSimulador.com <\/a>pueden marcar la diferencia. Adem\u00e1s, es fundamental prepararse mentalmente para controlar la ansiedad, lo que permitir\u00e1 enfrentar el riguroso proceso con confianza y aumentar las probabilidades de \u00e9xito.<\/p>\n","protected":false},"excerpt":{"rendered":"<p>\u00bfQue es el ENURM 2025? En el a\u00f1o 2025 se tomar\u00e1 de nuevo el Examen [&hellip;]<\/p>\n","protected":false},"author":1,"featured_media":0,"parent":0,"menu_order":0,"comment_status":"closed","ping_status":"closed","template":"","meta":{"productId":0,"courseId":0,"footnotes":""},"class_list":["post-1784","page","type-page","status-publish","hentry"],"_links":{"self":[{"href":"https:\/\/medsimulador.com\/enurm\/wp-json\/wp\/v2\/pages\/1784","targetHints":{"allow":["GET"]}}],"collection":[{"href":"https:\/\/medsimulador.com\/enurm\/wp-json\/wp\/v2\/pages"}],"about":[{"href":"https:\/\/medsimulador.com\/enurm\/wp-json\/wp\/v2\/types\/page"}],"author":[{"embeddable":true,"href":"https:\/\/medsimulador.com\/enurm\/wp-json\/wp\/v2\/users\/1"}],"replies":[{"embeddable":true,"href":"https:\/\/medsimulador.com\/enurm\/wp-json\/wp\/v2\/comments?post=1784"}],"version-history":[{"count":3,"href":"https:\/\/medsimulador.com\/enurm\/wp-json\/wp\/v2\/pages\/1784\/revisions"}],"predecessor-version":[{"id":2902,"href":"https:\/\/medsimulador.com\/enurm\/wp-json\/wp\/v2\/pages\/1784\/revisions\/2902"}],"wp:attachment":[{"href":"https:\/\/medsimulador.com\/enurm\/wp-json\/wp\/v2\/media?parent=1784"}],"curies":[{"name":"wp","href":"https:\/\/api.w.org\/{rel}","templated":true}]}}