{"id":354,"date":"2024-07-18T21:22:11","date_gmt":"2024-07-18T21:22:11","guid":{"rendered":"https:\/\/ecuadorpreguntas.com\/?page_id=354"},"modified":"2024-12-18T16:16:37","modified_gmt":"2024-12-18T21:16:37","slug":"sobre-nosotros","status":"publish","type":"page","link":"https:\/\/medsimulador.com\/enurm\/sobre-nosotros\/","title":{"rendered":"Sobre Nosotros"},"content":{"rendered":"\n<div class=\"wp-block-cover alignfull wp-duotone-unset-1\" style=\"min-height:351px;aspect-ratio:unset;\"><span aria-hidden=\"true\" class=\"wp-block-cover__background has-background-dim-70 has-background-dim wp-block-cover__gradient-background has-background-gradient\" style=\"background:linear-gradient(90deg,rgb(0,0,0) 0%,rgba(150,149,240,0) 100%)\"><\/span><img loading=\"lazy\" decoding=\"async\" width=\"800\" height=\"307\" class=\"wp-block-cover__image-background wp-image-1664\" alt=\"\" src=\"https:\/\/medsimulador.com\/enurm\/wp-content\/uploads\/2024\/11\/about-us-1.webp\" style=\"object-position:47% 92%\" data-object-fit=\"cover\" data-object-position=\"47% 92%\" srcset=\"https:\/\/medsimulador.com\/enurm\/wp-content\/uploads\/2024\/11\/about-us-1.webp 800w, https:\/\/medsimulador.com\/enurm\/wp-content\/uploads\/2024\/11\/about-us-1-300x115.webp 300w, https:\/\/medsimulador.com\/enurm\/wp-content\/uploads\/2024\/11\/about-us-1-768x295.webp 768w, https:\/\/medsimulador.com\/enurm\/wp-content\/uploads\/2024\/11\/about-us-1-600x230.webp 600w\" sizes=\"auto, (max-width: 800px) 100vw, 800px\" \/><div class=\"wp-block-cover__inner-container is-layout-flow wp-block-cover-is-layout-flow\">\n<div class=\"wp-block-group alignwide is-layout-constrained wp-container-core-group-is-layout-111b2e00 wp-block-group-is-layout-constrained\"><h1 class=\"has-text-align-center alignwide wp-block-post-title has-text-color has-white-color has-big-font-size\">Sobre Nosotros<\/h1><\/div>\n<\/div><\/div>\n\n\n\n<h2 class=\"wp-block-heading\"><strong>Nuestra Misi\u00f3n<\/strong><\/h2>\n\n\n\n<p>MedSimulador.com est\u00e1 dedicado a crear la mejor plataforma educativa para la preparaci\u00f3n de estudiantes y profesionales para el examen ENURM. Queremos desarrollar contenido educativo de la m\u00e1s alta calidad para optimizar el estudio de los estudiantes en la Rep\u00fablica Dominicana. Facilitamos el aprendizaje activo con preguntas de pr\u00e1ctica y explicaciones detalladas de las respuestas.<\/p>\n\n\n\n<h2 class=\"wp-block-heading\"><strong>Nuestra Historia<\/strong><\/h2>\n\n\n\n<p>La idea de crear MedSimulador.com naci\u00f3 al analizar las estad\u00edsticas sobre la gran cantidad de m\u00e9dicos que no aprueban el examen ENURM. Al no aprobarlo, los m\u00e9dicos no pueden realizar la especializaci\u00f3n que deseen. Es evidente que la elevada tasa de reprobaci\u00f3n en el examen no se debe a las habilidades de los m\u00e9dicos, sino a la falta de contenido de estudio especializado para el ENURM. Creamos la mejor plataforma educativa dedicada espec\u00edficamente a este examen con el objetivo de mejorar la tasa de aprobaci\u00f3n y permitir que m\u00e1s m\u00e9dicos puedan obtener la especializaci\u00f3n que quieren. Actualmente, contamos con una plataforma educativa con m\u00e1s de 2400 preguntas tomadas en el ENURM, explicaciones de cada pregunta y algoritmos propietarios que permiten el an\u00e1lisis personalizado de los resultados de los usuarios.<\/p>\n\n\n\n<h2 class=\"wp-block-heading\"><strong>Nuestros Valores<\/strong><\/h2>\n\n\n\n<h3 class=\"wp-block-heading\"><strong>Eficiencia<\/strong><\/h3>\n\n\n\n<p>Estamos dedicados a mejorar la eficiencia en los estudios, para que los m\u00e9dicos en la Rep\u00fablica Dominicana puedan estudiar de manera m\u00e1s eficiente.<\/p>\n\n\n\n<h3 class=\"wp-block-heading\"><strong>Calidad<\/strong><\/h3>\n\n\n\n<p>Creamos la plataforma educativa de mayor calidad en la Rep\u00fablica Dominicana, introduciendo est\u00e1ndares internacionales para la preparaci\u00f3n de ex\u00e1menes de alto impacto.<\/p>\n\n\n\n<h3 class=\"wp-block-heading\"><strong>Excelencia<\/strong><\/h3>\n\n\n\n<p>Nos tomamos nuestro trabajo en serio para ofrecer un servicio de excelencia a los m\u00e9dicos que desean obtener resultados sobresalientes en el examen ENURM.<\/p>\n\n\n\n<h3 class=\"wp-block-heading\"><strong>Compromiso<\/strong><\/h3>\n\n\n\n<p>Estamos comprometidos a mejorar continuamente la plataforma educativa de MedSimulador.com y desarrollar nuevos m\u00e9todos que faciliten la preparaci\u00f3n para el examen ENURM.<\/p>\n\n\n\n<h2 class=\"wp-block-heading\"><strong>Cont\u00e1ctate con Nosotros<\/strong><\/h2>\n\n\n\n<p>\u00bfTe interesa lo que hacemos? Puedes contactarte con nosotros a trav\u00e9s de nuestra p\u00e1gina de contacto.<\/p>\n\n\n\n<hr class=\"wp-block-separator has-alpha-channel-opacity\"\/>\n\n\n\n<div class=\"wp-block-buttons is-content-justification-center is-layout-flex wp-container-core-buttons-is-layout-a89b3969 wp-block-buttons-is-layout-flex\">\n<div class=\"wp-block-button\"><a class=\"wp-block-button__link wp-element-button\" href=\"https:\/\/medsimulador.com\/enurm\/contacto\/\">Contacto<\/a><\/div>\n<\/div>\n","protected":false},"excerpt":{"rendered":"<p>Nuestra Misi\u00f3n MedSimulador.com est\u00e1 dedicado a crear la mejor plataforma educativa para la preparaci\u00f3n de [&hellip;]<\/p>\n","protected":false},"author":1,"featured_media":0,"parent":0,"menu_order":0,"comment_status":"closed","ping_status":"closed","template":"","meta":{"productId":0,"courseId":0,"footnotes":""},"class_list":["post-354","page","type-page","status-publish","hentry"],"_links":{"self":[{"href":"https:\/\/medsimulador.com\/enurm\/wp-json\/wp\/v2\/pages\/354","targetHints":{"allow":["GET"]}}],"collection":[{"href":"https:\/\/medsimulador.com\/enurm\/wp-json\/wp\/v2\/pages"}],"about":[{"href":"https:\/\/medsimulador.com\/enurm\/wp-json\/wp\/v2\/types\/page"}],"author":[{"embeddable":true,"href":"https:\/\/medsimulador.com\/enurm\/wp-json\/wp\/v2\/users\/1"}],"replies":[{"embeddable":true,"href":"https:\/\/medsimulador.com\/enurm\/wp-json\/wp\/v2\/comments?post=354"}],"version-history":[{"count":11,"href":"https:\/\/medsimulador.com\/enurm\/wp-json\/wp\/v2\/pages\/354\/revisions"}],"predecessor-version":[{"id":1665,"href":"https:\/\/medsimulador.com\/enurm\/wp-json\/wp\/v2\/pages\/354\/revisions\/1665"}],"wp:attachment":[{"href":"https:\/\/medsimulador.com\/enurm\/wp-json\/wp\/v2\/media?parent=354"}],"curies":[{"name":"wp","href":"https:\/\/api.w.org\/{rel}","templated":true}]}}